{"id":531,"date":"2021-12-07T18:55:29","date_gmt":"2021-12-07T21:55:29","guid":{"rendered":"https:\/\/molinosbenvenuto.com.ar\/?page_id=531"},"modified":"2023-04-17T11:11:17","modified_gmt":"2023-04-17T14:11:17","slug":"receitas","status":"publish","type":"page","link":"https:\/\/molinosbenvenuto.com.ar\/pt\/recetas\/","title":{"rendered":"Receitas"},"content":{"rendered":"<div data-elementor-type=\"wp-page\" data-elementor-id=\"531\" class=\"elementor elementor-531\" data-elementor-post-type=\"page\">\n\t\t\t\t\t\t<section class=\"elementor-section elementor-top-section elementor-element elementor-element-25239bc elementor-section-boxed elementor-section-height-default elementor-section-height-default\" data-id=\"25239bc\" data-element_type=\"section\" data-e-type=\"section\">\n\t\t\t\t\t\t<div class=\"elementor-container elementor-column-gap-default\">\n\t\t\t\t\t<div class=\"elementor-column elementor-col-100 elementor-top-column elementor-element elementor-element-449de3a\" data-id=\"449de3a\" data-element_type=\"column\" data-e-type=\"column\">\n\t\t\t<div class=\"elementor-widget-wrap elementor-element-populated\">\n\t\t\t\t\t\t<div class=\"elementor-element elementor-element-2296348 elementor-widget elementor-widget-image\" data-id=\"2296348\" data-element_type=\"widget\" data-e-type=\"widget\" data-widget_type=\"image.default\">\n\t\t\t\t<div class=\"elementor-widget-container\">\n\t\t\t\t\t\t\t\t\t\t\t\t\t\t\t<img decoding=\"async\" src=\"https:\/\/molinosbenvenuto.com.ar\/wp-content\/uploads\/elementor\/thumbs\/Logo-Recetas-ph6lny2upbuips7svzxbazy4xdiemfjui47s4ectts.png\" title=\"Logo Recetas\" alt=\"Logo Recetas\" loading=\"lazy\" \/>\t\t\t\t\t\t\t\t\t\t\t\t\t\t\t<\/div>\n\t\t\t\t<\/div>\n\t\t\t\t\t<\/div>\n\t\t<\/div>\n\t\t\t\t\t<\/div>\n\t\t<\/section>\n\t\t\t\t<section class=\"elementor-section elementor-top-section elementor-element elementor-element-ce347a9 elementor-section-boxed elementor-section-height-default elementor-section-height-default\" data-id=\"ce347a9\" data-element_type=\"section\" data-e-type=\"section\">\n\t\t\t\t\t\t<div class=\"elementor-container elementor-column-gap-default\">\n\t\t\t\t\t<div class=\"elementor-column elementor-col-100 elementor-top-column elementor-element elementor-element-1b832e2\" data-id=\"1b832e2\" data-element_type=\"column\" data-e-type=\"column\">\n\t\t\t<div class=\"elementor-widget-wrap elementor-element-populated\">\n\t\t\t\t\t\t<section class=\"elementor-section elementor-inner-section elementor-element elementor-element-c7ea1a2 elementor-section-boxed elementor-section-height-default elementor-section-height-default\" data-id=\"c7ea1a2\" data-element_type=\"section\" data-e-type=\"section\">\n\t\t\t\t\t\t<div class=\"elementor-container elementor-column-gap-extended\">\n\t\t\t\t\t<div class=\"elementor-column elementor-col-66 elementor-inner-column elementor-element elementor-element-b2ddd6d\" data-id=\"b2ddd6d\" data-element_type=\"column\" data-e-type=\"column\">\n\t\t\t<div class=\"elementor-widget-wrap elementor-element-populated\">\n\t\t\t\t\t\t<div class=\"elementor-element elementor-element-6ffccba elementor-grid-3 elementor-grid-tablet-2 elementor-grid-mobile-1 elementor-posts--thumbnail-top elementor-widget elementor-widget-posts\" data-id=\"6ffccba\" data-element_type=\"widget\" data-e-type=\"widget\" data-settings=\"{&quot;classic_columns&quot;:&quot;3&quot;,&quot;classic_columns_tablet&quot;:&quot;2&quot;,&quot;classic_columns_mobile&quot;:&quot;1&quot;,&quot;classic_row_gap&quot;:{&quot;unit&quot;:&quot;px&quot;,&quot;size&quot;:35,&quot;sizes&quot;:[]},&quot;classic_row_gap_tablet&quot;:{&quot;unit&quot;:&quot;px&quot;,&quot;size&quot;:&quot;&quot;,&quot;sizes&quot;:[]},&quot;classic_row_gap_mobile&quot;:{&quot;unit&quot;:&quot;px&quot;,&quot;size&quot;:&quot;&quot;,&quot;sizes&quot;:[]}}\" data-widget_type=\"posts.classic\">\n\t\t\t\t<div class=\"elementor-widget-container\">\n\t\t\t\t\t\t\t<div class=\"elementor-posts-container elementor-posts elementor-posts--skin-classic elementor-grid\" role=\"list\">\n\t\t\t\t<article class=\"elementor-post elementor-grid-item post-833 post type-post status-publish format-standard has-post-thumbnail hentry category-harina-leudante\" role=\"listitem\">\n\t\t\t\t<a class=\"elementor-post__thumbnail__link\" href=\"https:\/\/molinosbenvenuto.com.ar\/pt\/harina-leudante\/pastel-de-queso-japones\/\" tabindex=\"-1\" >\n\t\t\t<div class=\"elementor-post__thumbnail\"><img fetchpriority=\"high\" decoding=\"async\" width=\"300\" height=\"300\" src=\"https:\/\/molinosbenvenuto.com.ar\/wp-content\/uploads\/2022\/02\/274121823_1038563667088785_8983880906126477156_n-300x300.jpg\" class=\"attachment-medium size-medium wp-image-880\" alt=\"\" srcset=\"https:\/\/molinosbenvenuto.com.ar\/wp-content\/uploads\/2022\/02\/274121823_1038563667088785_8983880906126477156_n-300x300.jpg 300w, https:\/\/molinosbenvenuto.com.ar\/wp-content\/uploads\/2022\/02\/274121823_1038563667088785_8983880906126477156_n-1024x1024.jpg 1024w, https:\/\/molinosbenvenuto.com.ar\/wp-content\/uploads\/2022\/02\/274121823_1038563667088785_8983880906126477156_n-150x150.jpg 150w, https:\/\/molinosbenvenuto.com.ar\/wp-content\/uploads\/2022\/02\/274121823_1038563667088785_8983880906126477156_n-768x768.jpg 768w, https:\/\/molinosbenvenuto.com.ar\/wp-content\/uploads\/2022\/02\/274121823_1038563667088785_8983880906126477156_n.jpg 1080w\" sizes=\"(max-width: 300px) 100vw, 300px\" \/><\/div>\n\t\t<\/a>\n\t\t\t\t<div class=\"elementor-post__text\">\n\t\t\t\t<h3 class=\"elementor-post__title\">\n\t\t\t<a href=\"https:\/\/molinosbenvenuto.com.ar\/pt\/harina-leudante\/pastel-de-queso-japones\/\" >\n\t\t\t\tBolo de queijo japon\u00eas\t\t\t<\/a>\n\t\t<\/h3>\n\t\t\t\t<div class=\"elementor-post__excerpt\">\n\t\t\t<p>R\u00e1pido, f\u00e1cil e requintado, muito h\u00famido, arom\u00e1tico e fofo. ????????????\u2763\ufe0f- 250 gr. de queijo creme \u2063- 50 gr. de manteiga - 100ml. de leite integral \u2063-8 gemas\u2063 -8 claras\u2063 -Uma pitada de<\/p>\n\t\t<\/div>\n\t\t\n\t\t<a class=\"elementor-post__read-more\" href=\"https:\/\/molinosbenvenuto.com.ar\/pt\/harina-leudante\/pastel-de-queso-japones\/\" aria-label=\"Read more about Pastel de queso japon\u00e9s\" tabindex=\"-1\" >\n\t\t\tVer mais \u00bb\t\t<\/a>\n\n\t\t\t\t<\/div>\n\t\t\t\t<\/article>\n\t\t\t\t<article class=\"elementor-post elementor-grid-item post-830 post type-post status-publish format-standard has-post-thumbnail hentry category-harina-0000\" role=\"listitem\">\n\t\t\t\t<a class=\"elementor-post__thumbnail__link\" href=\"https:\/\/molinosbenvenuto.com.ar\/pt\/harina-0000\/pastafrola\/\" tabindex=\"-1\" >\n\t\t\t<div class=\"elementor-post__thumbnail\"><img decoding=\"async\" width=\"300\" height=\"300\" src=\"https:\/\/molinosbenvenuto.com.ar\/wp-content\/uploads\/2022\/02\/257471287_3041375539454095_3963899720426767968_n-300x300.jpg\" class=\"attachment-medium size-medium wp-image-883\" alt=\"\" srcset=\"https:\/\/molinosbenvenuto.com.ar\/wp-content\/uploads\/2022\/02\/257471287_3041375539454095_3963899720426767968_n-300x300.jpg 300w, https:\/\/molinosbenvenuto.com.ar\/wp-content\/uploads\/2022\/02\/257471287_3041375539454095_3963899720426767968_n-1024x1024.jpg 1024w, https:\/\/molinosbenvenuto.com.ar\/wp-content\/uploads\/2022\/02\/257471287_3041375539454095_3963899720426767968_n-150x150.jpg 150w, https:\/\/molinosbenvenuto.com.ar\/wp-content\/uploads\/2022\/02\/257471287_3041375539454095_3963899720426767968_n-768x768.jpg 768w, https:\/\/molinosbenvenuto.com.ar\/wp-content\/uploads\/2022\/02\/257471287_3041375539454095_3963899720426767968_n.jpg 1080w\" sizes=\"(max-width: 300px) 100vw, 300px\" \/><\/div>\n\t\t<\/a>\n\t\t\t\t<div class=\"elementor-post__text\">\n\t\t\t\t<h3 class=\"elementor-post__title\">\n\t\t\t<a href=\"https:\/\/molinosbenvenuto.com.ar\/pt\/harina-0000\/pastafrola\/\" >\n\t\t\t\tPastafrola\t\t\t<\/a>\n\t\t<\/h3>\n\t\t\t\t<div class=\"elementor-post__excerpt\">\n\t\t\t<p>Tome nota ? Ingredientes 200 grs de manteiga amolecida 120 grs de a\u00e7\u00facar 1\/2 ess\u00eancia de baunilha Raspas de 1\/2 lim\u00e3o 2 ovos 300 grs de farinha Estupenda 0000 1\/2 colher de ch\u00e1 de sal fino 100 de<\/p>\n\t\t<\/div>\n\t\t\n\t\t<a class=\"elementor-post__read-more\" href=\"https:\/\/molinosbenvenuto.com.ar\/pt\/harina-0000\/pastafrola\/\" aria-label=\"Read more about Pastafrola\" tabindex=\"-1\" >\n\t\t\tVer mais \u00bb\t\t<\/a>\n\n\t\t\t\t<\/div>\n\t\t\t\t<\/article>\n\t\t\t\t<article class=\"elementor-post elementor-grid-item post-826 post type-post status-publish format-standard has-post-thumbnail hentry category-harina-leudante\" role=\"listitem\">\n\t\t\t\t<a class=\"elementor-post__thumbnail__link\" href=\"https:\/\/molinosbenvenuto.com.ar\/pt\/harina-leudante\/bundin-brocoli-y-queso\/\" tabindex=\"-1\" >\n\t\t\t<div class=\"elementor-post__thumbnail\"><img decoding=\"async\" width=\"300\" height=\"300\" src=\"https:\/\/molinosbenvenuto.com.ar\/wp-content\/uploads\/2022\/02\/258470567_594196575134497_7326538335179142784_n-300x300.jpg\" class=\"attachment-medium size-medium wp-image-887\" alt=\"\" srcset=\"https:\/\/molinosbenvenuto.com.ar\/wp-content\/uploads\/2022\/02\/258470567_594196575134497_7326538335179142784_n-300x300.jpg 300w, https:\/\/molinosbenvenuto.com.ar\/wp-content\/uploads\/2022\/02\/258470567_594196575134497_7326538335179142784_n-1024x1024.jpg 1024w, https:\/\/molinosbenvenuto.com.ar\/wp-content\/uploads\/2022\/02\/258470567_594196575134497_7326538335179142784_n-150x150.jpg 150w, https:\/\/molinosbenvenuto.com.ar\/wp-content\/uploads\/2022\/02\/258470567_594196575134497_7326538335179142784_n-768x768.jpg 768w, https:\/\/molinosbenvenuto.com.ar\/wp-content\/uploads\/2022\/02\/258470567_594196575134497_7326538335179142784_n.jpg 1080w\" sizes=\"(max-width: 300px) 100vw, 300px\" \/><\/div>\n\t\t<\/a>\n\t\t\t\t<div class=\"elementor-post__text\">\n\t\t\t\t<h3 class=\"elementor-post__title\">\n\t\t\t<a href=\"https:\/\/molinosbenvenuto.com.ar\/pt\/harina-leudante\/bundin-brocoli-y-queso\/\" >\n\t\t\t\tPudim de br\u00f3colis e queijo\t\t\t<\/a>\n\t\t<\/h3>\n\t\t\t\t<div class=\"elementor-post__excerpt\">\n\t\t\t<p>Pudim salgado de Br\u00f3colis e Queijo \u2013 F\u00e1cil, barato e r\u00e1pido INGREDIENTES\u2714\ufe0fTroncos e folhas de um br\u00f3colis grande\u2714\ufe0f2 ovos batidos\u2714\ufe0f3 colheres de sopa de \u00f3leo\u2714\ufe0fCondimentos: sal, pimenta,<\/p>\n\t\t<\/div>\n\t\t\n\t\t<a class=\"elementor-post__read-more\" href=\"https:\/\/molinosbenvenuto.com.ar\/pt\/harina-leudante\/bundin-brocoli-y-queso\/\" aria-label=\"Read more about Bud\u00edn de br\u00f3coli y queso\" tabindex=\"-1\" >\n\t\t\tVer mais \u00bb\t\t<\/a>\n\n\t\t\t\t<\/div>\n\t\t\t\t<\/article>\n\t\t\t\t<article class=\"elementor-post elementor-grid-item post-823 post type-post status-publish format-standard has-post-thumbnail hentry category-harina-0000\" role=\"listitem\">\n\t\t\t\t<a class=\"elementor-post__thumbnail__link\" href=\"https:\/\/molinosbenvenuto.com.ar\/pt\/harina-0000\/masas-secas\/\" tabindex=\"-1\" >\n\t\t\t<div class=\"elementor-post__thumbnail\"><img loading=\"lazy\" decoding=\"async\" width=\"300\" height=\"300\" src=\"https:\/\/molinosbenvenuto.com.ar\/wp-content\/uploads\/2022\/02\/128306544_3491876450866895_6129288544763231626_n-300x300.jpg\" class=\"attachment-medium size-medium wp-image-897\" alt=\"\" srcset=\"https:\/\/molinosbenvenuto.com.ar\/wp-content\/uploads\/2022\/02\/128306544_3491876450866895_6129288544763231626_n-300x300.jpg 300w, https:\/\/molinosbenvenuto.com.ar\/wp-content\/uploads\/2022\/02\/128306544_3491876450866895_6129288544763231626_n-150x150.jpg 150w, https:\/\/molinosbenvenuto.com.ar\/wp-content\/uploads\/2022\/02\/128306544_3491876450866895_6129288544763231626_n.jpg 719w\" sizes=\"(max-width: 300px) 100vw, 300px\" \/><\/div>\n\t\t<\/a>\n\t\t\t\t<div class=\"elementor-post__text\">\n\t\t\t\t<h3 class=\"elementor-post__title\">\n\t\t\t<a href=\"https:\/\/molinosbenvenuto.com.ar\/pt\/harina-0000\/masas-secas\/\" >\n\t\t\t\tMassas secas\t\t\t<\/a>\n\t\t<\/h3>\n\t\t\t\t<div class=\"elementor-post__excerpt\">\n\t\t\t<p>O que vamos precisar? Anote? Para a Massa: Manteiga 300g A\u00e7\u00facar em P\u00f3 200g Sal 1 pitada Raspas de 1 laranja ou lim\u00e3o Gemas 5 ou 2 ovos Farinha 0000 500g Ess\u00eancia de<\/p>\n\t\t<\/div>\n\t\t\n\t\t<a class=\"elementor-post__read-more\" href=\"https:\/\/molinosbenvenuto.com.ar\/pt\/harina-0000\/masas-secas\/\" aria-label=\"Read more about Masas Secas\" tabindex=\"-1\" >\n\t\t\tVer mais \u00bb\t\t<\/a>\n\n\t\t\t\t<\/div>\n\t\t\t\t<\/article>\n\t\t\t\t<article class=\"elementor-post elementor-grid-item post-817 post type-post status-publish format-standard has-post-thumbnail hentry category-harina-0000\" role=\"listitem\">\n\t\t\t\t<a class=\"elementor-post__thumbnail__link\" href=\"https:\/\/molinosbenvenuto.com.ar\/pt\/harina-0000\/pepas-caseras\/\" tabindex=\"-1\" >\n\t\t\t<div class=\"elementor-post__thumbnail\"><img loading=\"lazy\" decoding=\"async\" width=\"300\" height=\"300\" src=\"https:\/\/molinosbenvenuto.com.ar\/wp-content\/uploads\/2022\/02\/e4df236b8d0ed992dc7a7b0c35ca6d21-300x300.jpg\" class=\"attachment-medium size-medium wp-image-894\" alt=\"\" srcset=\"https:\/\/molinosbenvenuto.com.ar\/wp-content\/uploads\/2022\/02\/e4df236b8d0ed992dc7a7b0c35ca6d21-300x300.jpg 300w, https:\/\/molinosbenvenuto.com.ar\/wp-content\/uploads\/2022\/02\/e4df236b8d0ed992dc7a7b0c35ca6d21-150x150.jpg 150w, https:\/\/molinosbenvenuto.com.ar\/wp-content\/uploads\/2022\/02\/e4df236b8d0ed992dc7a7b0c35ca6d21.jpg 742w\" sizes=\"(max-width: 300px) 100vw, 300px\" \/><\/div>\n\t\t<\/a>\n\t\t\t\t<div class=\"elementor-post__text\">\n\t\t\t\t<h3 class=\"elementor-post__title\">\n\t\t\t<a href=\"https:\/\/molinosbenvenuto.com.ar\/pt\/harina-0000\/pepas-caseras\/\" >\n\t\t\t\tPepas caseiras\t\t\t<\/a>\n\t\t<\/h3>\n\t\t\t\t<div class=\"elementor-post__excerpt\">\n\t\t\t<p>BISCOITO Manteiga 110g A\u00e7\u00facar 135g Ovo 1u Farinha 0000 250g Raspa De Lim\u00e3o ou Laranja 1u Ess\u00eancia De Baunilha A Gosto RECHEIO Geleia De Marmelo<\/p>\n\t\t<\/div>\n\t\t\n\t\t<a class=\"elementor-post__read-more\" href=\"https:\/\/molinosbenvenuto.com.ar\/pt\/harina-0000\/pepas-caseras\/\" aria-label=\"Read more about Pepas caseras\" tabindex=\"-1\" >\n\t\t\tVer mais \u00bb\t\t<\/a>\n\n\t\t\t\t<\/div>\n\t\t\t\t<\/article>\n\t\t\t\t<\/div>\n\t\t\n\t\t\t\t\t\t<\/div>\n\t\t\t\t<\/div>\n\t\t\t\t\t<\/div>\n\t\t<\/div>\n\t\t\t\t<div class=\"elementor-column elementor-col-33 elementor-inner-column elementor-element elementor-element-a289f7a\" data-id=\"a289f7a\" data-element_type=\"column\" data-e-type=\"column\">\n\t\t\t<div class=\"elementor-widget-wrap elementor-element-populated\">\n\t\t\t\t\t\t<div class=\"elementor-element elementor-element-c665d87 elementor-widget elementor-widget-heading\" data-id=\"c665d87\" data-element_type=\"widget\" data-e-type=\"widget\" data-widget_type=\"heading.default\">\n\t\t\t\t<div class=\"elementor-widget-container\">\n\t\t\t\t\t<h2 class=\"elementor-heading-title elementor-size-default\">Categorias<\/h2>\t\t\t\t<\/div>\n\t\t\t\t<\/div>\n\t\t\t\t<div class=\"elementor-element elementor-element-4b195fc elementor-widget elementor-widget-text-editor\" data-id=\"4b195fc\" data-element_type=\"widget\" data-e-type=\"widget\" data-widget_type=\"text-editor.default\">\n\t\t\t\t<div class=\"elementor-widget-container\">\n\t\t\t\t\t\t\t\t\t<ul>\n \t<li><a href=\"https:\/\/molinosbenvenuto.com.ar\/pt\/receitas\/\">Todas<\/a><\/li>\n \t<li><a href=\"https:\/\/molinosbenvenuto.com.ar\/pt\/receitas\/farinha-000\/\">000<\/a><\/li>\n \t<li><a href=\"https:\/\/molinosbenvenuto.com.ar\/pt\/receitas\/farinha-0000\/\">0000<\/a><\/li>\n \t<li><a href=\"https:\/\/molinosbenvenuto.com.ar\/pt\/receitas\/farinha-com-fermento\/\">Com fermento<\/a><\/li>\n<\/ul>\t\t\t\t\t\t\t\t<\/div>\n\t\t\t\t<\/div>\n\t\t\t\t\t<\/div>\n\t\t<\/div>\n\t\t\t\t\t<\/div>\n\t\t<\/section>\n\t\t\t\t\t<\/div>\n\t\t<\/div>\n\t\t\t\t\t<\/div>\n\t\t<\/section>\n\t\t\t\t<\/div>","protected":false},"excerpt":{"rendered":"<p>Categor\u00edas Todas 000 0000 Leudante<\/p>","protected":false},"author":1,"featured_media":0,"parent":0,"menu_order":0,"comment_status":"closed","ping_status":"closed","template":"elementor_header_footer","meta":{"site-sidebar-layout":"no-sidebar","site-content-layout":"page-builder","ast-site-content-layout":"default","site-content-style":"default","site-sidebar-style":"default","ast-global-header-display":"","ast-banner-title-visibility":"","ast-main-header-display":"","ast-hfb-above-header-display":"","ast-hfb-below-header-display":"","ast-hfb-mobile-header-display":"","site-post-title":"disabled","ast-breadcrumbs-content":"","ast-featured-img":"disabled","footer-sml-layout":"","ast-disable-related-posts":"","theme-transparent-header-meta":"default","adv-header-id-meta":"","stick-header-meta":"","header-above-stick-meta":"","header-main-stick-meta":"","header-below-stick-meta":"","astra-migrate-meta-layouts":"default","ast-page-background-enabled":"default","ast-page-background-meta":{"desktop":{"background-color":"var(--ast-global-color-4)","background-image":"","background-repeat":"repeat","background-position":"center center","background-size":"auto","background-attachment":"scroll","background-type":"","background-media":"","overlay-type":"","overlay-color":"","overlay-opacity":"","overlay-gradient":""},"tablet":{"background-color":"","background-image":"","background-repeat":"repeat","background-position":"center center","background-size":"auto","background-attachment":"scroll","background-type":"","background-media":"","overlay-type":"","overlay-color":"","overlay-opacity":"","overlay-gradient":""},"mobile":{"background-color":"","background-image":"","background-repeat":"repeat","background-position":"center center","background-size":"auto","background-attachment":"scroll","background-type":"","background-media":"","overlay-type":"","overlay-color":"","overlay-opacity":"","overlay-gradient":""}},"ast-content-background-meta":{"desktop":{"background-color":"var(--ast-global-color-5)","background-image":"","background-repeat":"repeat","background-position":"center center","background-size":"auto","background-attachment":"scroll","background-type":"","background-media":"","overlay-type":"","overlay-color":"","overlay-opacity":"","overlay-gradient":""},"tablet":{"background-color":"var(--ast-global-color-5)","background-image":"","background-repeat":"repeat","background-position":"center center","background-size":"auto","background-attachment":"scroll","background-type":"","background-media":"","overlay-type":"","overlay-color":"","overlay-opacity":"","overlay-gradient":""},"mobile":{"background-color":"var(--ast-global-color-5)","background-image":"","background-repeat":"repeat","background-position":"center center","background-size":"auto","background-attachment":"scroll","background-type":"","background-media":"","overlay-type":"","overlay-color":"","overlay-opacity":"","overlay-gradient":""}},"footnotes":""},"class_list":["post-531","page","type-page","status-publish","hentry"],"_links":{"self":[{"href":"https:\/\/molinosbenvenuto.com.ar\/pt\/wp-json\/wp\/v2\/pages\/531","targetHints":{"allow":["GET"]}}],"collection":[{"href":"https:\/\/molinosbenvenuto.com.ar\/pt\/wp-json\/wp\/v2\/pages"}],"about":[{"href":"https:\/\/molinosbenvenuto.com.ar\/pt\/wp-json\/wp\/v2\/types\/page"}],"author":[{"embeddable":true,"href":"https:\/\/molinosbenvenuto.com.ar\/pt\/wp-json\/wp\/v2\/users\/1"}],"replies":[{"embeddable":true,"href":"https:\/\/molinosbenvenuto.com.ar\/pt\/wp-json\/wp\/v2\/comments?post=531"}],"version-history":[{"count":0,"href":"https:\/\/molinosbenvenuto.com.ar\/pt\/wp-json\/wp\/v2\/pages\/531\/revisions"}],"wp:attachment":[{"href":"https:\/\/molinosbenvenuto.com.ar\/pt\/wp-json\/wp\/v2\/media?parent=531"}],"curies":[{"name":"wp","href":"https:\/\/api.w.org\/{rel}","templated":true}]}}