{"id":630,"date":"2021-12-13T17:13:31","date_gmt":"2021-12-13T20:13:31","guid":{"rendered":"https:\/\/molinosbenvenuto.com.ar\/?page_id=630"},"modified":"2022-03-16T15:38:08","modified_gmt":"2022-03-16T18:38:08","slug":"linea-dietetica","status":"publish","type":"page","link":"https:\/\/molinosbenvenuto.com.ar\/pt\/productos\/linea-dietetica\/","title":{"rendered":"Linha Diet\u00e9tica"},"content":{"rendered":"<div data-elementor-type=\"wp-page\" data-elementor-id=\"630\" class=\"elementor elementor-630\" data-elementor-post-type=\"page\">\n\t\t\t\t\t\t<section class=\"elementor-section elementor-top-section elementor-element elementor-element-a3bdf98 elementor-section-full_width elementor-section-content-middle elementor-reverse-tablet elementor-reverse-mobile elementor-section-height-default elementor-section-height-default\" data-id=\"a3bdf98\" data-element_type=\"section\" data-e-type=\"section\">\n\t\t\t\t\t\t<div class=\"elementor-container elementor-column-gap-no\">\n\t\t\t\t\t<div class=\"elementor-column elementor-col-50 elementor-top-column elementor-element elementor-element-dbd181f\" data-id=\"dbd181f\" data-element_type=\"column\" data-e-type=\"column\">\n\t\t\t<div class=\"elementor-widget-wrap elementor-element-populated\">\n\t\t\t\t\t\t<div class=\"elementor-element elementor-element-1dec04c elementor-widget elementor-widget-heading\" data-id=\"1dec04c\" data-element_type=\"widget\" data-e-type=\"widget\" data-widget_type=\"heading.default\">\n\t\t\t\t<div class=\"elementor-widget-container\">\n\t\t\t\t\t<h1 class=\"elementor-heading-title elementor-size-default\">Linha Diet\u00e9tica<\/h1>\t\t\t\t<\/div>\n\t\t\t\t<\/div>\n\t\t\t\t<div class=\"elementor-element elementor-element-80f3008 elementor-widget__width-initial elementor-invisible elementor-widget elementor-widget-text-editor\" data-id=\"80f3008\" data-element_type=\"widget\" data-e-type=\"widget\" data-settings=\"{&quot;_animation&quot;:&quot;fadeInDown&quot;}\" data-widget_type=\"text-editor.default\">\n\t\t\t\t<div class=\"elementor-widget-container\">\n\t\t\t\t\t\t\t\t\t<p>En nuestro Molino adoptamos un proceso de limpieza del grano de trigo, que es \u00fanico en el pa\u00eds para obtener productos diet\u00e9ticos nutritivos y saludables. Consiste en m\u00e1quinas que friccionan muy intensamente el cereal para eliminar la capa m\u00e1s expuesta del grano de trigo y as\u00ed obtener salvado y harina integral, m\u00e1s limpios y sanos, acorde al Codex internacional de alimentos.<\/p>\t\t\t\t\t\t\t\t<\/div>\n\t\t\t\t<\/div>\n\t\t\t\t\t<\/div>\n\t\t<\/div>\n\t\t\t\t<div class=\"elementor-column elementor-col-50 elementor-top-column elementor-element elementor-element-c9d8b6a\" data-id=\"c9d8b6a\" data-element_type=\"column\" data-e-type=\"column\" data-settings=\"{&quot;background_background&quot;:&quot;classic&quot;}\">\n\t\t\t<div class=\"elementor-widget-wrap elementor-element-populated\">\n\t\t\t\t\t\t<div class=\"elementor-element elementor-element-61b37e5 elementor-widget elementor-widget-image\" data-id=\"61b37e5\" data-element_type=\"widget\" data-e-type=\"widget\" data-widget_type=\"image.default\">\n\t\t\t\t<div class=\"elementor-widget-container\">\n\t\t\t\t\t\t\t\t\t\t\t\t\t\t\t<img fetchpriority=\"high\" decoding=\"async\" width=\"618\" height=\"244\" src=\"https:\/\/molinosbenvenuto.com.ar\/wp-content\/uploads\/2021\/12\/productos-linea-diet.jpg\" class=\"attachment-large size-large wp-image-641\" alt=\"\" srcset=\"https:\/\/molinosbenvenuto.com.ar\/wp-content\/uploads\/2021\/12\/productos-linea-diet.jpg 618w, https:\/\/molinosbenvenuto.com.ar\/wp-content\/uploads\/2021\/12\/productos-linea-diet-300x118.jpg 300w\" sizes=\"(max-width: 618px) 100vw, 618px\" \/>\t\t\t\t\t\t\t\t\t\t\t\t\t\t\t<\/div>\n\t\t\t\t<\/div>\n\t\t\t\t\t<\/div>\n\t\t<\/div>\n\t\t\t\t\t<\/div>\n\t\t<\/section>\n\t\t\t\t<section class=\"elementor-section elementor-top-section elementor-element elementor-element-4c66b70 elementor-section-boxed elementor-section-height-default elementor-section-height-default\" data-id=\"4c66b70\" data-element_type=\"section\" data-e-type=\"section\">\n\t\t\t\t\t\t<div class=\"elementor-container elementor-column-gap-default\">\n\t\t\t\t\t<div class=\"elementor-column elementor-col-100 elementor-top-column elementor-element elementor-element-5fa97a2\" data-id=\"5fa97a2\" data-element_type=\"column\" data-e-type=\"column\">\n\t\t\t<div class=\"elementor-widget-wrap elementor-element-populated\">\n\t\t\t\t\t\t<section class=\"elementor-section elementor-inner-section elementor-element elementor-element-3eeffe6 elementor-section-content-bottom elementor-section-boxed elementor-section-height-default elementor-section-height-default\" data-id=\"3eeffe6\" data-element_type=\"section\" data-e-type=\"section\">\n\t\t\t\t\t\t<div class=\"elementor-container elementor-column-gap-default\">\n\t\t\t\t\t<div class=\"elementor-column elementor-col-33 elementor-inner-column elementor-element elementor-element-f617a42\" data-id=\"f617a42\" data-element_type=\"column\" data-e-type=\"column\">\n\t\t\t<div class=\"elementor-widget-wrap elementor-element-populated\">\n\t\t\t\t\t\t<div class=\"elementor-element elementor-element-773ae39 elementor-position-top elementor-widget elementor-widget-image-box\" data-id=\"773ae39\" data-element_type=\"widget\" data-e-type=\"widget\" data-widget_type=\"image-box.default\">\n\t\t\t\t<div class=\"elementor-widget-container\">\n\t\t\t\t\t<div class=\"elementor-image-box-wrapper\"><figure class=\"elementor-image-box-img\"><img decoding=\"async\" src=\"https:\/\/molinosbenvenuto.com.ar\/wp-content\/uploads\/elementor\/thumbs\/paquete_0004_Capa-8-pim9tpp7ssetkeaxhnt2gdwkt49ly5kxntj9a02xcu.png\" title=\"paquete_0004_Capa-8\" alt=\"paquete_0004_Capa-8\" class=\"elementor-animation-shrink\" loading=\"lazy\" \/><\/figure><div class=\"elementor-image-box-content\"><h3 class=\"elementor-image-box-title\">Salvado de Trigo<\/h3><\/div><\/div>\t\t\t\t<\/div>\n\t\t\t\t<\/div>\n\t\t\t\t<div class=\"elementor-element elementor-element-bab2547 elementor-widget elementor-widget-text-editor\" data-id=\"bab2547\" data-element_type=\"widget\" data-e-type=\"widget\" data-widget_type=\"text-editor.default\">\n\t\t\t\t<div class=\"elementor-widget-container\">\n\t\t\t\t\t\t\t\t\t<p>Es un producto en forma de l\u00e1minas finamente procesadas, que provienen de las capas externas del grano. Contiene celulosa, polisac\u00e1ridos, prote\u00ednas, grasas y minerales, y es el producto ideal para agregar en los preparados que requieren rusticidad, crocancia, alta prote\u00edna y fibra y buena digestibilidad. Tambi\u00e9n se lo puede consumir crudo, como complemento nutricional.<\/p>\t\t\t\t\t\t\t\t<\/div>\n\t\t\t\t<\/div>\n\t\t\t\t\t<\/div>\n\t\t<\/div>\n\t\t\t\t<div class=\"elementor-column elementor-col-33 elementor-inner-column elementor-element elementor-element-87f069d\" data-id=\"87f069d\" data-element_type=\"column\" data-e-type=\"column\">\n\t\t\t<div class=\"elementor-widget-wrap elementor-element-populated\">\n\t\t\t\t\t\t<div class=\"elementor-element elementor-element-615c9ca elementor-position-top elementor-widget elementor-widget-image-box\" data-id=\"615c9ca\" data-element_type=\"widget\" data-e-type=\"widget\" data-widget_type=\"image-box.default\">\n\t\t\t\t<div class=\"elementor-widget-container\">\n\t\t\t\t\t<div class=\"elementor-image-box-wrapper\"><figure class=\"elementor-image-box-img\"><img decoding=\"async\" src=\"https:\/\/molinosbenvenuto.com.ar\/wp-content\/uploads\/elementor\/thumbs\/paquete_0003_Capa-9-pim9tlxv1g9o9yge3m6k6euqfks53d60baxbcw8i1q.png\" title=\"paquete_0003_Capa-9\" alt=\"paquete_0003_Capa-9\" class=\"elementor-animation-shrink\" loading=\"lazy\" \/><\/figure><div class=\"elementor-image-box-content\"><h3 class=\"elementor-image-box-title\">Harina Integral<\/h3><\/div><\/div>\t\t\t\t<\/div>\n\t\t\t\t<\/div>\n\t\t\t\t<div class=\"elementor-element elementor-element-b2c55d6 elementor-widget elementor-widget-text-editor\" data-id=\"b2c55d6\" data-element_type=\"widget\" data-e-type=\"widget\" data-widget_type=\"text-editor.default\">\n\t\t\t\t<div class=\"elementor-widget-container\">\n\t\t\t\t\t\t\t\t\t<p>Es una harina con alto contenido de salvado fino, que favorece la digestibilidad de los productos elaborados. Su granulometr\u00eda calibrada y uniforme, facilita el amasado e hidrataci\u00f3n de la masa, y permite producir piezas m\u00e1s arm\u00f3nicas, m\u00e1s crujientes y m\u00e1s sabrosas Est\u00e1 especialmente indicada para elaborar productos horneados y cocidos de gran valor nutricional, conteniendo altos niveles de fibras y vitaminas.<br \/>Se usa para hacer pan integral, pan de cereales, fideos integrales y toda aquella receta que imagines, en la que busques obtener un producto sabroso, crocante y muy digestible, sin necesidad de agregarle harina blanca u otros ingredientes adicionales.<\/p>\t\t\t\t\t\t\t\t<\/div>\n\t\t\t\t<\/div>\n\t\t\t\t\t<\/div>\n\t\t<\/div>\n\t\t\t\t<div class=\"elementor-column elementor-col-33 elementor-inner-column elementor-element elementor-element-b8f914b\" data-id=\"b8f914b\" data-element_type=\"column\" data-e-type=\"column\">\n\t\t\t<div class=\"elementor-widget-wrap elementor-element-populated\">\n\t\t\t\t\t\t<div class=\"elementor-element elementor-element-06b07bb elementor-position-top elementor-widget elementor-widget-image-box\" data-id=\"06b07bb\" data-element_type=\"widget\" data-e-type=\"widget\" data-widget_type=\"image-box.default\">\n\t\t\t\t<div class=\"elementor-widget-container\">\n\t\t\t\t\t<div class=\"elementor-image-box-wrapper\"><figure class=\"elementor-image-box-img\"><img decoding=\"async\" src=\"https:\/\/molinosbenvenuto.com.ar\/wp-content\/uploads\/elementor\/thumbs\/paquete_0002_Capa-10-pim9tj4cgy5tb4khk2yogxkcnf61g9utawyux2coke.png\" title=\"paquete_0002_Capa-10\" alt=\"paquete_0002_Capa-10\" class=\"elementor-animation-shrink\" loading=\"lazy\" \/><\/figure><div class=\"elementor-image-box-content\"><h3 class=\"elementor-image-box-title\">Germen de Trigo<\/h3><\/div><\/div>\t\t\t\t<\/div>\n\t\t\t\t<\/div>\n\t\t\t\t<div class=\"elementor-element elementor-element-19bc8b1 elementor-widget elementor-widget-text-editor\" data-id=\"19bc8b1\" data-element_type=\"widget\" data-e-type=\"widget\" data-widget_type=\"text-editor.default\">\n\t\t\t\t<div class=\"elementor-widget-container\">\n\t\t\t\t\t\t\t\t\t<p>El germen es el embri\u00f3n del trigo, de donde nacen las nuevas plantas. Es su principal fuente de nutrientes, y la provee de la energ\u00eda para hacer crecer las ra\u00edces, desarrollar el tallo y dar vida. Es una fuente natural de innumerables prote\u00ednas y vitaminas. Entre ellas, es una fuente muy importante de vitamina E, uno de los m\u00e1s formidables antioxidantes naturales, capaz de retrasar o prevenir el envejecimiento celular prematuro (1)<br \/>Su suave sabor a nueces frescas, destaca y aromatiza las comidas, d\u00e1ndole un agradable sabor. Se puede consumir como agregado en las comidas, reemplazando quesos o aderezos, y tambi\u00e9n crudo o mezclado con l\u00edquidos nutricionales, jugos y yogures.<\/p>\t\t\t\t\t\t\t\t<\/div>\n\t\t\t\t<\/div>\n\t\t\t\t\t<\/div>\n\t\t<\/div>\n\t\t\t\t\t<\/div>\n\t\t<\/section>\n\t\t\t\t\t<\/div>\n\t\t<\/div>\n\t\t\t\t\t<\/div>\n\t\t<\/section>\n\t\t\t\t<\/div>","protected":false},"excerpt":{"rendered":"<p>L\u00ednea Diet\u00e9tica En nuestro Molino adoptamos un proceso de limpieza del grano de trigo, que es \u00fanico en el pa\u00eds para obtener productos diet\u00e9ticos nutritivos y saludables. Consiste en m\u00e1quinas que friccionan muy intensamente el cereal para eliminar la capa m\u00e1s expuesta del grano de trigo y as\u00ed obtener salvado y harina integral, m\u00e1s limpios [&hellip;]<\/p>\n","protected":false},"author":1,"featured_media":0,"parent":280,"menu_order":0,"comment_status":"closed","ping_status":"closed","template":"elementor_header_footer","meta":{"site-sidebar-layout":"no-sidebar","site-content-layout":"page-builder","ast-site-content-layout":"default","site-content-style":"default","site-sidebar-style":"default","ast-global-header-display":"","ast-banner-title-visibility":"","ast-main-header-display":"","ast-hfb-above-header-display":"","ast-hfb-below-header-display":"","ast-hfb-mobile-header-display":"","site-post-title":"disabled","ast-breadcrumbs-content":"","ast-featured-img":"disabled","footer-sml-layout":"","ast-disable-related-posts":"","theme-transparent-header-meta":"","adv-header-id-meta":"","stick-header-meta":"","header-above-stick-meta":"","header-main-stick-meta":"","header-below-stick-meta":"","astra-migrate-meta-layouts":"default","ast-page-background-enabled":"default","ast-page-background-meta":{"desktop":{"background-color":"var(--ast-global-color-4)","background-image":"","background-repeat":"repeat","background-position":"center center","background-size":"auto","background-attachment":"scroll","background-type":"","background-media":"","overlay-type":"","overlay-color":"","overlay-opacity":"","overlay-gradient":""},"tablet":{"background-color":"","background-image":"","background-repeat":"repeat","background-position":"center center","background-size":"auto","background-attachment":"scroll","background-type":"","background-media":"","overlay-type":"","overlay-color":"","overlay-opacity":"","overlay-gradient":""},"mobile":{"background-color":"","background-image":"","background-repeat":"repeat","background-position":"center center","background-size":"auto","background-attachment":"scroll","background-type":"","background-media":"","overlay-type":"","overlay-color":"","overlay-opacity":"","overlay-gradient":""}},"ast-content-background-meta":{"desktop":{"background-color":"var(--ast-global-color-5)","background-image":"","background-repeat":"repeat","background-position":"center center","background-size":"auto","background-attachment":"scroll","background-type":"","background-media":"","overlay-type":"","overlay-color":"","overlay-opacity":"","overlay-gradient":""},"tablet":{"background-color":"var(--ast-global-color-5)","background-image":"","background-repeat":"repeat","background-position":"center center","background-size":"auto","background-attachment":"scroll","background-type":"","background-media":"","overlay-type":"","overlay-color":"","overlay-opacity":"","overlay-gradient":""},"mobile":{"background-color":"var(--ast-global-color-5)","background-image":"","background-repeat":"repeat","background-position":"center center","background-size":"auto","background-attachment":"scroll","background-type":"","background-media":"","overlay-type":"","overlay-color":"","overlay-opacity":"","overlay-gradient":""}},"footnotes":""},"class_list":["post-630","page","type-page","status-publish","hentry"],"_links":{"self":[{"href":"https:\/\/molinosbenvenuto.com.ar\/pt\/wp-json\/wp\/v2\/pages\/630","targetHints":{"allow":["GET"]}}],"collection":[{"href":"https:\/\/molinosbenvenuto.com.ar\/pt\/wp-json\/wp\/v2\/pages"}],"about":[{"href":"https:\/\/molinosbenvenuto.com.ar\/pt\/wp-json\/wp\/v2\/types\/page"}],"author":[{"embeddable":true,"href":"https:\/\/molinosbenvenuto.com.ar\/pt\/wp-json\/wp\/v2\/users\/1"}],"replies":[{"embeddable":true,"href":"https:\/\/molinosbenvenuto.com.ar\/pt\/wp-json\/wp\/v2\/comments?post=630"}],"version-history":[{"count":0,"href":"https:\/\/molinosbenvenuto.com.ar\/pt\/wp-json\/wp\/v2\/pages\/630\/revisions"}],"up":[{"embeddable":true,"href":"https:\/\/molinosbenvenuto.com.ar\/pt\/wp-json\/wp\/v2\/pages\/280"}],"wp:attachment":[{"href":"https:\/\/molinosbenvenuto.com.ar\/pt\/wp-json\/wp\/v2\/media?parent=630"}],"curies":[{"name":"wp","href":"https:\/\/api.w.org\/{rel}","templated":true}]}}