{"id":693,"date":"2022-01-05T15:52:04","date_gmt":"2022-01-05T18:52:04","guid":{"rendered":"https:\/\/molinosbenvenuto.com.ar\/?page_id=693"},"modified":"2023-04-17T09:49:48","modified_gmt":"2023-04-17T12:49:48","slug":"farinha-de-trigo-000","status":"publish","type":"page","link":"https:\/\/molinosbenvenuto.com.ar\/pt\/productos\/linea-industrial\/harina-de-trigo-000\/","title":{"rendered":"Farinha de Trigo 000"},"content":{"rendered":"<div data-elementor-type=\"wp-page\" data-elementor-id=\"693\" class=\"elementor elementor-693\" data-elementor-post-type=\"page\">\n\t\t\t\t\t\t<section class=\"elementor-section elementor-top-section elementor-element elementor-element-42ad6ee elementor-section-boxed elementor-section-height-default elementor-section-height-default\" data-id=\"42ad6ee\" data-element_type=\"section\" data-e-type=\"section\">\n\t\t\t\t\t\t<div class=\"elementor-container elementor-column-gap-default\">\n\t\t\t\t\t<div class=\"elementor-column elementor-col-100 elementor-top-column elementor-element elementor-element-7f1cfb4\" data-id=\"7f1cfb4\" data-element_type=\"column\" data-e-type=\"column\">\n\t\t\t<div class=\"elementor-widget-wrap elementor-element-populated\">\n\t\t\t\t\t\t<section class=\"elementor-section elementor-inner-section elementor-element elementor-element-dd5ab3c elementor-section-boxed elementor-section-height-default elementor-section-height-default\" data-id=\"dd5ab3c\" data-element_type=\"section\" data-e-type=\"section\">\n\t\t\t\t\t\t<div class=\"elementor-container elementor-column-gap-default\">\n\t\t\t\t\t<div class=\"elementor-column elementor-col-33 elementor-inner-column elementor-element elementor-element-7cb9dfb\" data-id=\"7cb9dfb\" data-element_type=\"column\" data-e-type=\"column\">\n\t\t\t<div class=\"elementor-widget-wrap elementor-element-populated\">\n\t\t\t\t\t\t<div class=\"elementor-element elementor-element-05f39d4 elementor-widget elementor-widget-image\" data-id=\"05f39d4\" data-element_type=\"widget\" data-e-type=\"widget\" data-widget_type=\"image.default\">\n\t\t\t\t<div class=\"elementor-widget-container\">\n\t\t\t\t\t\t\t\t\t\t\t\t\t\t\t<img fetchpriority=\"high\" decoding=\"async\" width=\"1024\" height=\"1024\" src=\"https:\/\/molinosbenvenuto.com.ar\/wp-content\/uploads\/2021\/08\/estupenda-000-25-kg-1024x1024.png\" class=\"attachment-large size-large wp-image-305\" alt=\"\" srcset=\"https:\/\/molinosbenvenuto.com.ar\/wp-content\/uploads\/2021\/08\/estupenda-000-25-kg-1024x1024.png 1024w, https:\/\/molinosbenvenuto.com.ar\/wp-content\/uploads\/2021\/08\/estupenda-000-25-kg-300x300.png 300w, https:\/\/molinosbenvenuto.com.ar\/wp-content\/uploads\/2021\/08\/estupenda-000-25-kg-150x150.png 150w, https:\/\/molinosbenvenuto.com.ar\/wp-content\/uploads\/2021\/08\/estupenda-000-25-kg-768x768.png 768w, https:\/\/molinosbenvenuto.com.ar\/wp-content\/uploads\/2021\/08\/estupenda-000-25-kg.png 1300w\" sizes=\"(max-width: 1024px) 100vw, 1024px\" \/>\t\t\t\t\t\t\t\t\t\t\t\t\t\t\t<\/div>\n\t\t\t\t<\/div>\n\t\t\t\t<div class=\"elementor-element elementor-element-4cb9be6 elementor-widget-divider--view-line elementor-widget elementor-widget-divider\" data-id=\"4cb9be6\" data-element_type=\"widget\" data-e-type=\"widget\" data-widget_type=\"divider.default\">\n\t\t\t\t<div class=\"elementor-widget-container\">\n\t\t\t\t\t\t\t<div class=\"elementor-divider\">\n\t\t\t<span class=\"elementor-divider-separator\">\n\t\t\t\t\t\t<\/span>\n\t\t<\/div>\n\t\t\t\t\t\t<\/div>\n\t\t\t\t<\/div>\n\t\t\t\t<div class=\"elementor-element elementor-element-280c34c elementor-widget elementor-widget-heading\" data-id=\"280c34c\" data-element_type=\"widget\" data-e-type=\"widget\" data-widget_type=\"heading.default\">\n\t\t\t\t<div class=\"elementor-widget-container\">\n\t\t\t\t\t<h3 class=\"elementor-heading-title elementor-size-default\">Apresenta\u00e7\u00e3o<\/h3>\t\t\t\t<\/div>\n\t\t\t\t<\/div>\n\t\t\t\t<div class=\"elementor-element elementor-element-d45b336 elementor-widget elementor-widget-text-editor\" data-id=\"d45b336\" data-element_type=\"widget\" data-e-type=\"widget\" data-widget_type=\"text-editor.default\">\n\t\t\t\t<div class=\"elementor-widget-container\">\n\t\t\t\t\t\t\t\t\t<p>Sacos de 25kg, 1kg, Big Bag e a granel<\/p>\t\t\t\t\t\t\t\t<\/div>\n\t\t\t\t<\/div>\n\t\t\t\t\t<\/div>\n\t\t<\/div>\n\t\t\t\t<div class=\"elementor-column elementor-col-66 elementor-inner-column elementor-element elementor-element-cc5c086\" data-id=\"cc5c086\" data-element_type=\"column\" data-e-type=\"column\">\n\t\t\t<div class=\"elementor-widget-wrap elementor-element-populated\">\n\t\t\t\t\t\t<div class=\"elementor-element elementor-element-0c8a002 elementor-widget elementor-widget-heading\" data-id=\"0c8a002\" data-element_type=\"widget\" data-e-type=\"widget\" data-widget_type=\"heading.default\">\n\t\t\t\t<div class=\"elementor-widget-container\">\n\t\t\t\t\t<h2 class=\"elementor-heading-title elementor-size-default\">Farinha de Trigo 000<\/h2>\t\t\t\t<\/div>\n\t\t\t\t<\/div>\n\t\t\t\t<div class=\"elementor-element elementor-element-935126a elementor-widget elementor-widget-text-editor\" data-id=\"935126a\" data-element_type=\"widget\" data-e-type=\"widget\" data-widget_type=\"text-editor.default\">\n\t\t\t\t<div class=\"elementor-widget-container\">\n\t\t\t\t\t\t\t\t\t<p class=\"translation-block\">Nossa <strong>FARINHA 000<\/strong> \u00e9 uma farinha de alto desempenho. Sua alta absor\u00e7\u00e3o permite adicionar 60% de \u00e1gua \u00e0 farinha durante o amassamento, obtendo muito mais produto com a mesma quantidade de farinha. O tempo de amassamento necess\u00e1rio para integrar o gl\u00faten \u00e9 de aproximadamente 8 minutos, o que permite reduzir os tempos de fabrica\u00e7\u00e3o, ajudando o MAESTRO a obter melhores produtos em menos tempo.<\/p>\n<p>Podemos ajustar a sua aptid\u00e3o \u00e0s necessidades de utiliza\u00e7\u00e3o de cada cliente, adicionando melhoradores especialmente formulados no nosso laborat\u00f3rio, que conseguem otimizar o seu desempenho, para que se adapte aos diferentes m\u00e9todos de cozedura, com fermenta\u00e7\u00e3o longa (em mesas) e fermenta\u00e7\u00e3o curto (direto e semidireto).<\/p>\t\t\t\t\t\t\t\t<\/div>\n\t\t\t\t<\/div>\n\t\t\t\t<div class=\"elementor-element elementor-element-77b665d elementor-widget elementor-widget-heading\" data-id=\"77b665d\" data-element_type=\"widget\" data-e-type=\"widget\" data-widget_type=\"heading.default\">\n\t\t\t\t<div class=\"elementor-widget-container\">\n\t\t\t\t\t<span class=\"elementor-heading-title elementor-size-default\">aplica\u00e7\u00f5es.<\/span>\t\t\t\t<\/div>\n\t\t\t\t<\/div>\n\t\t\t\t<div class=\"elementor-element elementor-element-c12c796 elementor-widget elementor-widget-heading\" data-id=\"c12c796\" data-element_type=\"widget\" data-e-type=\"widget\" data-widget_type=\"heading.default\">\n\t\t\t\t<div class=\"elementor-widget-container\">\n\t\t\t\t\t<h2 class=\"elementor-heading-title elementor-size-default translation-block\">Produtos assados<br>Produtos de panifica\u00e7\u00e3o<\/h2>\t\t\t\t<\/div>\n\t\t\t\t<\/div>\n\t\t\t\t<div class=\"elementor-element elementor-element-70facf9 elementor-widget elementor-widget-text-editor\" data-id=\"70facf9\" data-element_type=\"widget\" data-e-type=\"widget\" data-widget_type=\"text-editor.default\">\n\t\t\t\t<div class=\"elementor-widget-container\">\n\t\t\t\t\t\t\t\t\t<p>Com a nossa FARINHA 000 obt\u00e9m-se p\u00e3es e outros produtos de panifica\u00e7\u00e3o com alto volume espec\u00edfico, crosta crocante e boa cor, com miolo de estrutura uniforme que preserva o frescor. Excelentes produtos s\u00e3o obtidos em todas as variedades: p\u00e3o franc\u00eas, p\u00e3o caseiro, mignon, p\u00e3o de forma, baguete, flautas, etc.; bem como facturas, produtos de confeitaria, pastelaria e pizzas.<\/p>\t\t\t\t\t\t\t\t<\/div>\n\t\t\t\t<\/div>\n\t\t\t\t<div class=\"elementor-element elementor-element-09d539d elementor-widget elementor-widget-heading\" data-id=\"09d539d\" data-element_type=\"widget\" data-e-type=\"widget\" data-widget_type=\"heading.default\">\n\t\t\t\t<div class=\"elementor-widget-container\">\n\t\t\t\t\t<h2 class=\"elementor-heading-title elementor-size-default translation-block\">Massa fresca<br>e outros<\/h2>\t\t\t\t<\/div>\n\t\t\t\t<\/div>\n\t\t\t\t<div class=\"elementor-element elementor-element-7a16ce0 elementor-widget elementor-widget-text-editor\" data-id=\"7a16ce0\" data-element_type=\"widget\" data-e-type=\"widget\" data-widget_type=\"text-editor.default\">\n\t\t\t\t<div class=\"elementor-widget-container\">\n\t\t\t\t\t\t\t\t\t<p>Tamb\u00e9m \u00e9 adequado para fazer macarr\u00e3o seco e alguns produtos frescos que n\u00e3o requerem farinha 0000.<\/p>\t\t\t\t\t\t\t\t<\/div>\n\t\t\t\t<\/div>\n\t\t\t\t\t<\/div>\n\t\t<\/div>\n\t\t\t\t\t<\/div>\n\t\t<\/section>\n\t\t\t\t\t<\/div>\n\t\t<\/div>\n\t\t\t\t\t<\/div>\n\t\t<\/section>\n\t\t\t\t<\/div>","protected":false},"excerpt":{"rendered":"<p>Presentaci\u00f3n Bolsas de 25 kg,\u00a01 kg,\u00a0Big Bag y granel Harina de Trigo 000 Nuestra HARINA 000 es una harina de gran Rendimiento. Su alto% de absorci\u00f3n, permite agregar 60% de agua a la harina durante el amasado, obteniendo mucho m\u00e1s producto, con la misma cantidad de harina. El tiempo de amasado necesario para lograr integrar [&hellip;]<\/p>\n","protected":false},"author":1,"featured_media":0,"parent":299,"menu_order":0,"comment_status":"closed","ping_status":"closed","template":"","meta":{"site-sidebar-layout":"no-sidebar","site-content-layout":"page-builder","ast-site-content-layout":"default","site-content-style":"default","site-sidebar-style":"default","ast-global-header-display":"","ast-banner-title-visibility":"","ast-main-header-display":"","ast-hfb-above-header-display":"","ast-hfb-below-header-display":"","ast-hfb-mobile-header-display":"","site-post-title":"disabled","ast-breadcrumbs-content":"","ast-featured-img":"disabled","footer-sml-layout":"","ast-disable-related-posts":"","theme-transparent-header-meta":"","adv-header-id-meta":"","stick-header-meta":"","header-above-stick-meta":"","header-main-stick-meta":"","header-below-stick-meta":"","astra-migrate-meta-layouts":"default","ast-page-background-enabled":"default","ast-page-background-meta":{"desktop":{"background-color":"var(--ast-global-color-4)","background-image":"","background-repeat":"repeat","background-position":"center center","background-size":"auto","background-attachment":"scroll","background-type":"","background-media":"","overlay-type":"","overlay-color":"","overlay-opacity":"","overlay-gradient":""},"tablet":{"background-color":"","background-image":"","background-repeat":"repeat","background-position":"center center","background-size":"auto","background-attachment":"scroll","background-type":"","background-media":"","overlay-type":"","overlay-color":"","overlay-opacity":"","overlay-gradient":""},"mobile":{"background-color":"","background-image":"","background-repeat":"repeat","background-position":"center center","background-size":"auto","background-attachment":"scroll","background-type":"","background-media":"","overlay-type":"","overlay-color":"","overlay-opacity":"","overlay-gradient":""}},"ast-content-background-meta":{"desktop":{"background-color":"var(--ast-global-color-5)","background-image":"","background-repeat":"repeat","background-position":"center center","background-size":"auto","background-attachment":"scroll","background-type":"","background-media":"","overlay-type":"","overlay-color":"","overlay-opacity":"","overlay-gradient":""},"tablet":{"background-color":"var(--ast-global-color-5)","background-image":"","background-repeat":"repeat","background-position":"center center","background-size":"auto","background-attachment":"scroll","background-type":"","background-media":"","overlay-type":"","overlay-color":"","overlay-opacity":"","overlay-gradient":""},"mobile":{"background-color":"var(--ast-global-color-5)","background-image":"","background-repeat":"repeat","background-position":"center center","background-size":"auto","background-attachment":"scroll","background-type":"","background-media":"","overlay-type":"","overlay-color":"","overlay-opacity":"","overlay-gradient":""}},"footnotes":""},"class_list":["post-693","page","type-page","status-publish","hentry"],"_links":{"self":[{"href":"https:\/\/molinosbenvenuto.com.ar\/pt\/wp-json\/wp\/v2\/pages\/693","targetHints":{"allow":["GET"]}}],"collection":[{"href":"https:\/\/molinosbenvenuto.com.ar\/pt\/wp-json\/wp\/v2\/pages"}],"about":[{"href":"https:\/\/molinosbenvenuto.com.ar\/pt\/wp-json\/wp\/v2\/types\/page"}],"author":[{"embeddable":true,"href":"https:\/\/molinosbenvenuto.com.ar\/pt\/wp-json\/wp\/v2\/users\/1"}],"replies":[{"embeddable":true,"href":"https:\/\/molinosbenvenuto.com.ar\/pt\/wp-json\/wp\/v2\/comments?post=693"}],"version-history":[{"count":0,"href":"https:\/\/molinosbenvenuto.com.ar\/pt\/wp-json\/wp\/v2\/pages\/693\/revisions"}],"up":[{"embeddable":true,"href":"https:\/\/molinosbenvenuto.com.ar\/pt\/wp-json\/wp\/v2\/pages\/299"}],"wp:attachment":[{"href":"https:\/\/molinosbenvenuto.com.ar\/pt\/wp-json\/wp\/v2\/media?parent=693"}],"curies":[{"name":"wp","href":"https:\/\/api.w.org\/{rel}","templated":true}]}}