{"id":711,"date":"2022-01-05T16:12:07","date_gmt":"2022-01-05T19:12:07","guid":{"rendered":"https:\/\/molinosbenvenuto.com.ar\/?page_id=711"},"modified":"2022-01-05T16:16:23","modified_gmt":"2022-01-05T19:16:23","slug":"harina-tapera","status":"publish","type":"page","link":"https:\/\/molinosbenvenuto.com.ar\/pt\/productos\/linea-industrial\/harina-tapera\/","title":{"rendered":"Farinha Tapera"},"content":{"rendered":"<div data-elementor-type=\"wp-page\" data-elementor-id=\"711\" class=\"elementor elementor-711\" data-elementor-post-type=\"page\">\n\t\t\t\t\t\t<section class=\"elementor-section elementor-top-section elementor-element elementor-element-de3318b elementor-section-boxed elementor-section-height-default elementor-section-height-default\" data-id=\"de3318b\" data-element_type=\"section\" data-e-type=\"section\">\n\t\t\t\t\t\t<div class=\"elementor-container elementor-column-gap-default\">\n\t\t\t\t\t<div class=\"elementor-column elementor-col-100 elementor-top-column elementor-element elementor-element-ed89d12\" data-id=\"ed89d12\" data-element_type=\"column\" data-e-type=\"column\">\n\t\t\t<div class=\"elementor-widget-wrap elementor-element-populated\">\n\t\t\t\t\t\t<section class=\"elementor-section elementor-inner-section elementor-element elementor-element-8db21d7 elementor-section-boxed elementor-section-height-default elementor-section-height-default\" data-id=\"8db21d7\" data-element_type=\"section\" data-e-type=\"section\">\n\t\t\t\t\t\t<div class=\"elementor-container elementor-column-gap-default\">\n\t\t\t\t\t<div class=\"elementor-column elementor-col-33 elementor-inner-column elementor-element elementor-element-b79b6da\" data-id=\"b79b6da\" data-element_type=\"column\" data-e-type=\"column\">\n\t\t\t<div class=\"elementor-widget-wrap elementor-element-populated\">\n\t\t\t\t\t\t<div class=\"elementor-element elementor-element-32d6e61 elementor-widget elementor-widget-image\" data-id=\"32d6e61\" data-element_type=\"widget\" data-e-type=\"widget\" data-widget_type=\"image.default\">\n\t\t\t\t<div class=\"elementor-widget-container\">\n\t\t\t\t\t\t\t\t\t\t\t\t\t\t\t<img fetchpriority=\"high\" decoding=\"async\" width=\"1024\" height=\"1024\" src=\"https:\/\/molinosbenvenuto.com.ar\/wp-content\/uploads\/2021\/08\/estupenda-tapera-25-kg-1024x1024.png\" class=\"attachment-large size-large wp-image-307\" alt=\"\" srcset=\"https:\/\/molinosbenvenuto.com.ar\/wp-content\/uploads\/2021\/08\/estupenda-tapera-25-kg-1024x1024.png 1024w, https:\/\/molinosbenvenuto.com.ar\/wp-content\/uploads\/2021\/08\/estupenda-tapera-25-kg-300x300.png 300w, https:\/\/molinosbenvenuto.com.ar\/wp-content\/uploads\/2021\/08\/estupenda-tapera-25-kg-150x150.png 150w, https:\/\/molinosbenvenuto.com.ar\/wp-content\/uploads\/2021\/08\/estupenda-tapera-25-kg-768x768.png 768w, https:\/\/molinosbenvenuto.com.ar\/wp-content\/uploads\/2021\/08\/estupenda-tapera-25-kg.png 1300w\" sizes=\"(max-width: 1024px) 100vw, 1024px\" \/>\t\t\t\t\t\t\t\t\t\t\t\t\t\t\t<\/div>\n\t\t\t\t<\/div>\n\t\t\t\t<div class=\"elementor-element elementor-element-efe98ad elementor-widget-divider--view-line elementor-widget elementor-widget-divider\" data-id=\"efe98ad\" data-element_type=\"widget\" data-e-type=\"widget\" data-widget_type=\"divider.default\">\n\t\t\t\t<div class=\"elementor-widget-container\">\n\t\t\t\t\t\t\t<div class=\"elementor-divider\">\n\t\t\t<span class=\"elementor-divider-separator\">\n\t\t\t\t\t\t<\/span>\n\t\t<\/div>\n\t\t\t\t\t\t<\/div>\n\t\t\t\t<\/div>\n\t\t\t\t<div class=\"elementor-element elementor-element-44b9a33 elementor-widget elementor-widget-heading\" data-id=\"44b9a33\" data-element_type=\"widget\" data-e-type=\"widget\" data-widget_type=\"heading.default\">\n\t\t\t\t<div class=\"elementor-widget-container\">\n\t\t\t\t\t<h3 class=\"elementor-heading-title elementor-size-default\">Apresenta\u00e7\u00e3o<\/h3>\t\t\t\t<\/div>\n\t\t\t\t<\/div>\n\t\t\t\t<div class=\"elementor-element elementor-element-14493d7 elementor-widget elementor-widget-text-editor\" data-id=\"14493d7\" data-element_type=\"widget\" data-e-type=\"widget\" data-widget_type=\"text-editor.default\">\n\t\t\t\t<div class=\"elementor-widget-container\">\n\t\t\t\t\t\t\t\t\t<p>Sacos de 25 kg<\/p>\t\t\t\t\t\t\t\t<\/div>\n\t\t\t\t<\/div>\n\t\t\t\t\t<\/div>\n\t\t<\/div>\n\t\t\t\t<div class=\"elementor-column elementor-col-66 elementor-inner-column elementor-element elementor-element-a8a97df\" data-id=\"a8a97df\" data-element_type=\"column\" data-e-type=\"column\">\n\t\t\t<div class=\"elementor-widget-wrap elementor-element-populated\">\n\t\t\t\t\t\t<div class=\"elementor-element elementor-element-edec0ea elementor-widget elementor-widget-heading\" data-id=\"edec0ea\" data-element_type=\"widget\" data-e-type=\"widget\" data-widget_type=\"heading.default\">\n\t\t\t\t<div class=\"elementor-widget-container\">\n\t\t\t\t\t<h2 class=\"elementor-heading-title elementor-size-default\">Farinha Tapera<\/h2>\t\t\t\t<\/div>\n\t\t\t\t<\/div>\n\t\t\t\t<div class=\"elementor-element elementor-element-feee797 elementor-widget elementor-widget-text-editor\" data-id=\"feee797\" data-element_type=\"widget\" data-e-type=\"widget\" data-widget_type=\"text-editor.default\">\n\t\t\t\t<div class=\"elementor-widget-container\">\n\t\t\t\t\t\t\t\t\t<p class=\"translation-block\">A nossa<b> FARINHA ESTUPENDA TAPERA \u00ae<\/b>, \u00e9 especialmente produzida para o fabrico de Tapas Empanadas e Tapas Tortas de elevada qualidade. \u00c9 uma farinha de alt\u00edssima qualidade, com baixo teor de minerais e cor branca intensa. \u00c9 verificado permanentemente em nosso laborat\u00f3rio com an\u00e1lise espec\u00edfica e visualiza\u00e7\u00e3o com microscopia e reagentes. \u00c9 um produto com granulometria mais fina que as farinhas \"Tipo 000 e 0000\" e as coberturas feitas com nossa farinha possuem maior vida \u00fatil e uma presen\u00e7a muito agrad\u00e1vel na embalagem devido a sua extrema cor branca. Tamb\u00e9m possui excelente facilidade de uso na ind\u00fastria devido a sua elasticidade controlada.<\/p>\t\t\t\t\t\t\t\t<\/div>\n\t\t\t\t<\/div>\n\t\t\t\t<div class=\"elementor-element elementor-element-ad80137 elementor-widget elementor-widget-heading\" data-id=\"ad80137\" data-element_type=\"widget\" data-e-type=\"widget\" data-widget_type=\"heading.default\">\n\t\t\t\t<div class=\"elementor-widget-container\">\n\t\t\t\t\t<span class=\"elementor-heading-title elementor-size-default\">aplica\u00e7\u00f5es.<\/span>\t\t\t\t<\/div>\n\t\t\t\t<\/div>\n\t\t\t\t<div class=\"elementor-element elementor-element-b8af21d elementor-widget elementor-widget-heading\" data-id=\"b8af21d\" data-element_type=\"widget\" data-e-type=\"widget\" data-widget_type=\"heading.default\">\n\t\t\t\t<div class=\"elementor-widget-container\">\n\t\t\t\t\t<h2 class=\"elementor-heading-title elementor-size-default translation-block\">Massa para pastel\u00e3o<br>\ne empanadas<\/h2>\t\t\t\t<\/div>\n\t\t\t\t<\/div>\n\t\t\t\t<div class=\"elementor-element elementor-element-cc5bd7b elementor-widget elementor-widget-text-editor\" data-id=\"cc5bd7b\" data-element_type=\"widget\" data-e-type=\"widget\" data-widget_type=\"text-editor.default\">\n\t\t\t\t<div class=\"elementor-widget-container\">\n\t\t\t\t\t\t\t\t\t<p class=\"translation-block\"><strong>Farinha TAPERA ESTUPENDA<\/strong>, \u00e9 ideal para fazer empanadas e bolos bem branquinhos e bem macios, que mant\u00eam o frescor por mais tempo.<\/p>\t\t\t\t\t\t\t\t<\/div>\n\t\t\t\t<\/div>\n\t\t\t\t\t<\/div>\n\t\t<\/div>\n\t\t\t\t\t<\/div>\n\t\t<\/section>\n\t\t\t\t\t<\/div>\n\t\t<\/div>\n\t\t\t\t\t<\/div>\n\t\t<\/section>\n\t\t\t\t<\/div>","protected":false},"excerpt":{"rendered":"<p>Presentaci\u00f3n Bolsas de 25 kg Harina Tapera Nuestra\u00a0HARINA ESTUPENDA TAPERA \u00ae, est\u00e1 especialmente producida para la fabricaci\u00f3n de Tapas de Empanadas y Tapas de Tartas, de alta calidad. Es una harina de muy alta calidad, con un reducido contenido de minerales y un color blanco intenso. Es verificada permanentemente en nuestro laboratorio con an\u00e1lisis espec\u00edficos [&hellip;]<\/p>\n","protected":false},"author":1,"featured_media":0,"parent":299,"menu_order":0,"comment_status":"closed","ping_status":"closed","template":"","meta":{"site-sidebar-layout":"no-sidebar","site-content-layout":"page-builder","ast-site-content-layout":"default","site-content-style":"default","site-sidebar-style":"default","ast-global-header-display":"","ast-banner-title-visibility":"","ast-main-header-display":"","ast-hfb-above-header-display":"","ast-hfb-below-header-display":"","ast-hfb-mobile-header-display":"","site-post-title":"disabled","ast-breadcrumbs-content":"","ast-featured-img":"disabled","footer-sml-layout":"","ast-disable-related-posts":"","theme-transparent-header-meta":"","adv-header-id-meta":"","stick-header-meta":"","header-above-stick-meta":"","header-main-stick-meta":"","header-below-stick-meta":"","astra-migrate-meta-layouts":"default","ast-page-background-enabled":"default","ast-page-background-meta":{"desktop":{"background-color":"var(--ast-global-color-4)","background-image":"","background-repeat":"repeat","background-position":"center center","background-size":"auto","background-attachment":"scroll","background-type":"","background-media":"","overlay-type":"","overlay-color":"","overlay-opacity":"","overlay-gradient":""},"tablet":{"background-color":"","background-image":"","background-repeat":"repeat","background-position":"center center","background-size":"auto","background-attachment":"scroll","background-type":"","background-media":"","overlay-type":"","overlay-color":"","overlay-opacity":"","overlay-gradient":""},"mobile":{"background-color":"","background-image":"","background-repeat":"repeat","background-position":"center center","background-size":"auto","background-attachment":"scroll","background-type":"","background-media":"","overlay-type":"","overlay-color":"","overlay-opacity":"","overlay-gradient":""}},"ast-content-background-meta":{"desktop":{"background-color":"var(--ast-global-color-5)","background-image":"","background-repeat":"repeat","background-position":"center center","background-size":"auto","background-attachment":"scroll","background-type":"","background-media":"","overlay-type":"","overlay-color":"","overlay-opacity":"","overlay-gradient":""},"tablet":{"background-color":"var(--ast-global-color-5)","background-image":"","background-repeat":"repeat","background-position":"center center","background-size":"auto","background-attachment":"scroll","background-type":"","background-media":"","overlay-type":"","overlay-color":"","overlay-opacity":"","overlay-gradient":""},"mobile":{"background-color":"var(--ast-global-color-5)","background-image":"","background-repeat":"repeat","background-position":"center center","background-size":"auto","background-attachment":"scroll","background-type":"","background-media":"","overlay-type":"","overlay-color":"","overlay-opacity":"","overlay-gradient":""}},"footnotes":""},"class_list":["post-711","page","type-page","status-publish","hentry"],"_links":{"self":[{"href":"https:\/\/molinosbenvenuto.com.ar\/pt\/wp-json\/wp\/v2\/pages\/711","targetHints":{"allow":["GET"]}}],"collection":[{"href":"https:\/\/molinosbenvenuto.com.ar\/pt\/wp-json\/wp\/v2\/pages"}],"about":[{"href":"https:\/\/molinosbenvenuto.com.ar\/pt\/wp-json\/wp\/v2\/types\/page"}],"author":[{"embeddable":true,"href":"https:\/\/molinosbenvenuto.com.ar\/pt\/wp-json\/wp\/v2\/users\/1"}],"replies":[{"embeddable":true,"href":"https:\/\/molinosbenvenuto.com.ar\/pt\/wp-json\/wp\/v2\/comments?post=711"}],"version-history":[{"count":0,"href":"https:\/\/molinosbenvenuto.com.ar\/pt\/wp-json\/wp\/v2\/pages\/711\/revisions"}],"up":[{"embeddable":true,"href":"https:\/\/molinosbenvenuto.com.ar\/pt\/wp-json\/wp\/v2\/pages\/299"}],"wp:attachment":[{"href":"https:\/\/molinosbenvenuto.com.ar\/pt\/wp-json\/wp\/v2\/media?parent=711"}],"curies":[{"name":"wp","href":"https:\/\/api.w.org\/{rel}","templated":true}]}}